{"id":536,"date":"2014-05-05T03:30:14","date_gmt":"2014-05-05T03:30:14","guid":{"rendered":"https:\/\/casit.bgsu.edu\/midamericanreview\/?page_id=536"},"modified":"2014-05-05T03:30:14","modified_gmt":"2014-05-05T03:30:14","slug":"volume-xxvi-no-2-2","status":"publish","type":"page","link":"https:\/\/casit.bgsu.edu\/midamericanreview\/volume-xxvi-no-2-2\/","title":{"rendered":"Volume XXVI, No. 2"},"content":{"rendered":"<table width=\"100%\">\n<tbody>\n<tr valign=\"top\">\n<td width=\"45%\"><center><a href=\"https:\/\/casit.bgsu.edu\/midamericanreview\/wp-content\/uploads\/2014\/04\/a26-2.jpg\"><img loading=\"lazy\" decoding=\"async\" class=\"alignnone  wp-image-326\" alt=\"a26-2\" src=\"https:\/\/casit.bgsu.edu\/midamericanreview\/wp-content\/uploads\/2014\/04\/a26-2-196x300.jpg\" width=\"118\" height=\"180\" srcset=\"https:\/\/casit.bgsu.edu\/midamericanreview\/wp-content\/uploads\/2014\/04\/a26-2-196x300.jpg 196w, https:\/\/casit.bgsu.edu\/midamericanreview\/wp-content\/uploads\/2014\/04\/a26-2-671x1024.jpg 671w, https:\/\/casit.bgsu.edu\/midamericanreview\/wp-content\/uploads\/2014\/04\/a26-2.jpg 750w\" sizes=\"auto, (max-width: 118px) 100vw, 118px\" \/><\/a><\/p>\n<p>Spring 2005<br \/>\n<span style=\"font-size: medium;\">Cover Art:\u00a0Karin Stack:<br \/>\n<i>Scenic Overlook (Joyce &amp;Ruth<\/i>)<br \/>\n<\/span><\/p>\n<p><\/center><center><span style=\"font-family: Garamond;\">Cover design by Mark Daley &amp; Michael Czyzniejewski<\/span><\/center><\/td>\n<\/tr>\n<\/tbody>\n<\/table>\n<table>\n<tbody>\n<tr>\n<td width=\"55%\">\n<h2>Table of Contents<\/h2>\n<p><b>Fiction<\/b><br \/>\nSteve Almond Three Stories<br \/>\nRebecca Barry &#8220;Men Shoot Things to Kill Them&#8221;<br \/>\nJim Hilgartner &#8220;Beowulf in Hell&#8221;<br \/>\nTom Noyes &#8220;Greeting Phantom&#8221;<br \/>\nAlison Shuette-Hoffman Two Stories<br \/>\nDavid Yost &#8220;Stealing Cr\u00e8me Br\u00fbl\u00e8e: A Test in Seven Parts&#8221;<\/p>\n<p><b>Poetry<\/b><br \/>\nHadara Bar-Nadav Two Poems<br \/>\nCynie Cory &#8220;Gee, My Life&#8217;s a Funny Thing&#8221;<br \/>\nJulia Delacroix &#8220;On a Long Enough Time Line&#8221;<br \/>\nRhiannon Dickerson Two Poems<br \/>\nJonathan Fink &#8220;Afterwards&#8221;<br \/>\nAlbert Goldbarth Four Poems<br \/>\nEllen Goldstein &#8220;The &amp;Eactue;migr\u00e9&#8221;<br \/>\nCarrie Grabo &#8220;At the End the Body Sharpens Like a Blade&#8221;<br \/>\nKevin Griffith Two Poems<br \/>\nJeff Gundy Two Poems<br \/>\nIan Harris &#8220;On the Spread of Democracy&#8221;<br \/>\nBob Hicok Three Poems<br \/>\nMichael Hudson &#8220;Drunk in Bed Reading a Magazine Article About Three-Toed Sloths&#8221;<br \/>\nNick Lantz &#8220;The Last Words of Pancho Villa&#8221;<br \/>\nSydney Lea &#8220;American Dream&#8221;<br \/>\nBrian Leary &#8220;Dare You to Eat His Goaty Balls&#8221;<br \/>\nJohn Mann Three Poems<br \/>\nCampbell McGrath Three Poems<br \/>\nSandra Meek &#8220;Paralleling the Subject&#8221;<br \/>\nMia Nussbaum &#8220;Notes for Chris, Who Fell Into a Hopper Book One Night in Chicago and Hasn&#8217;t Climbed Out&#8221;<br \/>\nPhilip Pardi &#8220;Wintering&#8221;<br \/>\nRicardo Pau-Llosa &#8220;Odds&#8221;<br \/>\nLucia Perillo &#8220;For the Mad Cow in Tenino&#8221;<br \/>\nMary Ann Samyn Three Poems<br \/>\nZach Savich &#8220;Movie&#8221;<br \/>\nLacy Schutz &#8220;To Which a Scoundrel Clings&#8221;<br \/>\nAllison Seay &#8220;Time of Need&#8221;<br \/>\nElaine Sexton &#8220;Wraith&#8221;<br \/>\nD.H. Tracy &#8220;Of the Model Boaters&#8221;<br \/>\nChristina Veladota &#8220;On Dutch Ridge the Frogs&#8221;<br \/>\nGabriel Welsch Three Poems<\/p>\n<p><b>Nonfiction<\/b><br \/>\nDebra Marquart &#8220;Great Falls, 1976&#8221;<br \/>\nKyle Minor &#8220;Lay Me Down in the Blue Grass&#8221;<br \/>\nSteven L. Shepherd &#8220;My First Bra&#8221;<\/p>\n<p><b>The 2005 Sherwood Anderson Fiction Award<\/b><br \/>\nFirst Prize: Valery Varble &#8220;Bat&#8221;<br \/>\nEditors&#8217; Choice: Josh Goldfaden &#8220;Disorder Destroyers&#8221;<br \/>\nEditors&#8217; Choice: M. Glenn Taylor &#8220;The Story of a Hateful Man&#8221;<\/p>\n<p><strong>The 2005 James Wright Poetry Award<\/strong><br \/>\nFirst Prize: Amanda Auchter &#8220;Alfred Eistenstaedt Holding His VJ Day Negative With Two Hands, 1945&#8221;<br \/>\nEditors&#8217; Choice: Teresa Ballard &#8220;What a Strange Machine&#8221;<br \/>\nEditors&#8217; Choice: Shawn Fawson &#8220;Servant of the Inarticulate&#8221;<br \/>\nEditors&#8217; Choice: Elton Glaser &#8220;Prayer From the Back Pew&#8221;<br \/>\nEditors&#8217; Choice: Anna Journey &#8220;Elegy: After Filling Out Egg Donation Forms&#8221;<\/p>\n<p><strong>The 2005 Creative Nonfiction Award<\/strong><br \/>\nirst Prize: Sue William Silverman &#8220;That Summer of War and Apricots&#8221;<\/p>\n<p><b>Translation Chapbook<\/b><br \/>\nKazuko Shimomura &#8220;When Indigo Opens the Door&#8221;<br \/>\nTranslated from the Japanese by Naoshi Koriyama and Edward Lueders<\/p>\n<p><b>Featured Poet<\/b><br \/>\nDenise Duhamel from &#8220;Help (in 47 Languages)&#8221;<\/p>\n<p><b>What We&#8217;re Reading<\/b><br \/>\n<i>Copy Cats<\/i>\u00a0by David Crouse<br \/>\n<i>Before and After the Fall<\/i>\u00a0by S\u00e1ndor Cso\u00f3ri, translated by Len Roberts<br \/>\n<i>Engravings Torn From Insomnia<\/i>\u00a0by Olga Orozco, translated by Mary Crow<br \/>\n<i>My Sister&#8217;s Continent<\/i>\u00a0by Gina Frangello<br \/>\n<i>The Longest Pregnancy<\/i>\u00a0by Melissa Fraterrigo<br \/>\n<i>Green Squall<\/i>\u00a0by Jay Hopler<br \/>\n<i>What Are You Afraid Of?<\/i>\u00a0By Michael Hyde<br \/>\n<i>For Dust Thou Art<\/i>\u00a0by Timothy Liu<br \/>\n<i>The Prisoner Pear: Stories from the Lake<\/i>\u00a0by Elissa Minor Rust<br \/>\n<i>More Like Not Running<\/i>\u00a0Away by Paul Shepherd<br \/>\n<i>Practice, Restraint<\/i>\u00a0by Laura Sims<br \/>\n<i>The Mercury Visions of Louis Daguerre<\/i>\u00a0by Dominic Smith<br \/>\n<i>Mexico is Missing and Other Stories<\/i>\u00a0by J. David Stevens<br \/>\n<i>The Woman Who Never Cooked<\/i>\u00a0by Mary L. Tabor<br \/>\n<i>Dirt and All Its Dense Labor<\/i>\u00a0by Gabriel Welsch<\/td>\n<\/tr>\n<\/tbody>\n<\/table>\n","protected":false},"excerpt":{"rendered":"<p>Spring 2005 Cover Art:\u00a0Karin Stack: Scenic Overlook (Joyce &amp;Ruth) Cover design by Mark Daley &amp; Michael Czyzniejewski Table of Contents&hellip; <\/p>\n","protected":false},"author":2,"featured_media":0,"parent":0,"menu_order":0,"comment_status":"open","ping_status":"open","template":"","meta":{"footnotes":""},"class_list":["post-536","page","type-page","status-publish","hentry"],"_links":{"self":[{"href":"https:\/\/casit.bgsu.edu\/midamericanreview\/wp-json\/wp\/v2\/pages\/536","targetHints":{"allow":["GET"]}}],"collection":[{"href":"https:\/\/casit.bgsu.edu\/midamericanreview\/wp-json\/wp\/v2\/pages"}],"about":[{"href":"https:\/\/casit.bgsu.edu\/midamericanreview\/wp-json\/wp\/v2\/types\/page"}],"author":[{"embeddable":true,"href":"https:\/\/casit.bgsu.edu\/midamericanreview\/wp-json\/wp\/v2\/users\/2"}],"replies":[{"embeddable":true,"href":"https:\/\/casit.bgsu.edu\/midamericanreview\/wp-json\/wp\/v2\/comments?post=536"}],"version-history":[{"count":1,"href":"https:\/\/casit.bgsu.edu\/midamericanreview\/wp-json\/wp\/v2\/pages\/536\/revisions"}],"predecessor-version":[{"id":537,"href":"https:\/\/casit.bgsu.edu\/midamericanreview\/wp-json\/wp\/v2\/pages\/536\/revisions\/537"}],"wp:attachment":[{"href":"https:\/\/casit.bgsu.edu\/midamericanreview\/wp-json\/wp\/v2\/media?parent=536"}],"curies":[{"name":"wp","href":"https:\/\/api.w.org\/{rel}","templated":true}]}}