{"id":485,"date":"2014-05-05T02:40:29","date_gmt":"2014-05-05T02:40:29","guid":{"rendered":"https:\/\/casit.bgsu.edu\/midamericanreview\/?page_id=485"},"modified":"2014-05-05T02:40:29","modified_gmt":"2014-05-05T02:40:29","slug":"volume-xxii-no-1","status":"publish","type":"page","link":"https:\/\/casit.bgsu.edu\/midamericanreview\/volume-xxii-no-1\/","title":{"rendered":"Volume XXII, No. 1"},"content":{"rendered":"<table width=\"100%\">\n<tbody>\n<tr valign=\"top\">\n<td width=\"45%\"><center><a href=\"https:\/\/casit.bgsu.edu\/midamericanreview\/wp-content\/uploads\/2014\/04\/a22-1.jpg\"><img loading=\"lazy\" decoding=\"async\" class=\"alignnone size-full wp-image-317\" alt=\"a22-1\" src=\"https:\/\/casit.bgsu.edu\/midamericanreview\/wp-content\/uploads\/2014\/04\/a22-1.jpg\" width=\"75\" height=\"113\" \/><\/a><\/p>\n<p>Fall 2001<br \/>\n<span style=\"font-size: medium;\">Cover Art: Rick Wede:<br \/>\n<i>Network No. 12<\/i><br \/>\n<\/span><\/p>\n<p><\/center><center><span style=\"font-family: Garamond;\">Cover design by Mark Daley &amp; Michael Czyzniejewski<\/span><\/center><\/td>\n<\/tr>\n<\/tbody>\n<\/table>\n<table>\n<tbody>\n<tr>\n<td width=\"55%\">\n<h2>Table of Contents<\/h2>\n<p><b>Fiction<\/b><br \/>\nSteve Almond &#8220;Da Birds and Da Bees&#8221;<br \/>\nAimee Bender &#8220;Fruit and Words&#8221;<br \/>\nDavid Borofka &#8220;(The) Only Lie&#8221;<br \/>\nLisa Swanstrom &#8220;Lower Back Pain&#8221;<\/p>\n<p><b>Poetry<\/b><br \/>\nNoah Blaustein &#8220;Astral Tryst With a Socialist Revolt and Several Lines From Apollinaire&#8221;<br \/>\nJulianne Buchsbaum &#8220;Iowa River&#8221;<br \/>\nDenise Duhamel &#8220;You&#8217;re What?!&#8221;<br \/>\nJamey Dunham &#8220;Autumn Comes to Sugar Creek&#8221;<br \/>\nKarin Gottshall &#8220;The Ghost&#8221;<br \/>\nChristopher Janke Two Poems<br \/>\nDavid Keplinger &#8220;Fable for Jarda&#8221;<br \/>\nSylvia Legris &#8220;Nerve-Storms&#8221;<br \/>\nAmy S. F. Lutz &#8220;Expiration&#8221;<br \/>\nMichael David Madonick &#8220;Gazelle&#8221;<br \/>\nJames John Marshall &#8220;Love and Two (2) Trains&#8221;<br \/>\nMatt Mason &#8220;Mistranslating Neruda&#8221;<br \/>\nEric Nelson Two Poems<br \/>\nLinda Pastan &#8220;Redundancy&#8221;<br \/>\nKevin Prufer &#8220;For the Unfortunates&#8221;<br \/>\nMaura Stanton &#8220;Translating&#8221;<\/p>\n<p><strong>Nonfiction<\/strong><br \/>\nSteve Fellner &#8220;Ten Anecdotes About the Destruction of Books&#8221;<br \/>\nSheryl St. Germain &#8220;Communion&#8221;<\/p>\n<p><b>The 2001 Fineline Competition<\/b><br \/>\nFirst Place: Catherine Kasper &#8220;Etymology of Ytterbium&#8221;<br \/>\nEditors&#8217; Choices: Alex Green Two Selections<br \/>\nCatherine Kasper &#8220;J&#8217;Abab&#8217;s Cosmic Gown&#8221;<br \/>\nAimee Nezhukumatathil &#8220;Gulabjamoon Jar&#8221;<br \/>\nLisa Pearson &#8220;Paradise Is Not Useless<br \/>\nThough No One Lives There Now (hortus deliciarum)&#8221;<br \/>\nDavid Shumate &#8220;Hero&#8221;<\/p>\n<p><b>The 2001 Associated Writing Programs Intro Journals Award<\/b><br \/>\nChris Dombrowski &#8220;Larry Levis&#8217; Motel Room&#8221;<br \/>\nJonas Lerman &#8220;The First Poem You Wrote&#8221;<br \/>\nAnthony Varallo &#8220;The Summer He Was Seven&#8221;<br \/>\nBetsy Wharton &#8220;The Rabbi&#8217;s Garage&#8221;<\/p>\n<p><strong>Translation Chapbook<\/strong><br \/>\nSergey Gandlevsky\u00a0<em>Pillars of Salt: An Essay and Poems<\/em><br \/>\nTranslated from the Russian by Philip Metres<\/p>\n<p><strong>Translations<\/strong><br \/>\nS\u00e1ndor K\u00e1ny\u00e1di &#8220;Copy&#8221;<br \/>\nTranslated from the Hungarian by Paul Sohar<\/p>\n<p><b>What We&#8217;re Reading<\/b><br \/>\n<em>Star Apocrypha<\/em>\u00a0by Christopher Buckley<br \/>\n<em>Among the Missing<\/em>\u00a0by Dan Chaon<br \/>\n<em>Still Life With Oysters and Lemon\u00a0<\/em>by Mark Doty<br \/>\n<em>Given Ground<\/em>\u00a0by Ann Pancake<br \/>\n<em>Head<\/em>\u00a0by William Tester<\/td>\n<\/tr>\n<\/tbody>\n<\/table>\n","protected":false},"excerpt":{"rendered":"<p>Fall 2001 Cover Art: Rick Wede: Network No. 12 Cover design by Mark Daley &amp; Michael Czyzniejewski Table of Contents&hellip; <\/p>\n","protected":false},"author":2,"featured_media":0,"parent":0,"menu_order":0,"comment_status":"open","ping_status":"open","template":"","meta":{"footnotes":""},"class_list":["post-485","page","type-page","status-publish","hentry"],"_links":{"self":[{"href":"https:\/\/casit.bgsu.edu\/midamericanreview\/wp-json\/wp\/v2\/pages\/485","targetHints":{"allow":["GET"]}}],"collection":[{"href":"https:\/\/casit.bgsu.edu\/midamericanreview\/wp-json\/wp\/v2\/pages"}],"about":[{"href":"https:\/\/casit.bgsu.edu\/midamericanreview\/wp-json\/wp\/v2\/types\/page"}],"author":[{"embeddable":true,"href":"https:\/\/casit.bgsu.edu\/midamericanreview\/wp-json\/wp\/v2\/users\/2"}],"replies":[{"embeddable":true,"href":"https:\/\/casit.bgsu.edu\/midamericanreview\/wp-json\/wp\/v2\/comments?post=485"}],"version-history":[{"count":1,"href":"https:\/\/casit.bgsu.edu\/midamericanreview\/wp-json\/wp\/v2\/pages\/485\/revisions"}],"predecessor-version":[{"id":486,"href":"https:\/\/casit.bgsu.edu\/midamericanreview\/wp-json\/wp\/v2\/pages\/485\/revisions\/486"}],"wp:attachment":[{"href":"https:\/\/casit.bgsu.edu\/midamericanreview\/wp-json\/wp\/v2\/media?parent=485"}],"curies":[{"name":"wp","href":"https:\/\/api.w.org\/{rel}","templated":true}]}}